{"id":379,"date":"2020-01-04T19:18:09","date_gmt":"2020-01-04T18:18:09","guid":{"rendered":"http:\/\/murielleshreder.com\/?page_id=379"},"modified":"2023-02-11T13:02:59","modified_gmt":"2023-02-11T12:02:59","slug":"cours-de-cartomancie-ancienne","status":"publish","type":"page","link":"https:\/\/murielleschreder.com\/index.php\/cours-de-cartomancie-ancienne\/","title":{"rendered":"Cours"},"content":{"rendered":"\n<p><strong>S\u00e9ances de 1h 30 les Jeudis et Vendredis avec initiation \u00e0 : Cartomancie Ancienne, Tarots, Alphabets des Runes et Oghams, Animaux druidiques, Anatomie subtile<\/strong>,  <strong>Fascia-\u00e9nergie\u2026<\/strong><\/p>\n\n\n\n<p>Stages de 1,2 ou 3 jours sur ces th\u00e9matiques, voir dans PROGRAMME. <\/p>\n\n\n\n<figure class=\"wp-block-image size-large is-resized\"><img decoding=\"async\" loading=\"lazy\" src=\"https:\/\/murielleschreder.com\/wp-content\/uploads\/2023\/02\/4D091AE1-CA26-4A24-872F-E8250CF213BC-724x1024.jpeg\" alt=\"\" class=\"wp-image-540\" width=\"280\" height=\"396\" srcset=\"https:\/\/murielleschreder.com\/wp-content\/uploads\/2023\/02\/4D091AE1-CA26-4A24-872F-E8250CF213BC-724x1024.jpeg 724w, https:\/\/murielleschreder.com\/wp-content\/uploads\/2023\/02\/4D091AE1-CA26-4A24-872F-E8250CF213BC-212x300.jpeg 212w, https:\/\/murielleschreder.com\/wp-content\/uploads\/2023\/02\/4D091AE1-CA26-4A24-872F-E8250CF213BC-768x1087.jpeg 768w, https:\/\/murielleschreder.com\/wp-content\/uploads\/2023\/02\/4D091AE1-CA26-4A24-872F-E8250CF213BC.jpeg 1080w\" sizes=\"(max-width: 280px) 100vw, 280px\" \/><figcaption>>Bousier Cosmique.<\/figcaption><\/figure>\n\n\n\n<h2 class=\"wp-block-heading\">Le Jeu des 52 Cartes <\/h2>\n\n\n\n<p>Le Jeu des 52 cartes est arriv\u00e9 jusqu\u2019\u00e0 nous, et son c\u00f4t\u00e9 apparemment  anodin cache en fait un enseignement sacr\u00e9. Cet sagesse est li\u00e9e \u00e0 la  Connaissance contenue dans les Nombres, la G\u00e9om\u00e9trie, les Cycles, la Musique.<\/p>\n\n\n\n<p>Nos dates de naissance, nos \u00ab&nbsp;cartes&nbsp;\u00bb correspondent \u00e0 des  combinaisons d\u2019influences qui baignent notre conceptions de l\u2019existence, ainsi que nos projets, nos relations, nos Chemins\u2026 <\/p>\n\n\n\n<p>\u00c0 travers une  initiation aux bases de compr\u00e9hension de ce \u00ab&nbsp;Livre&nbsp;\u00bb, je vous propose  de d\u00e9couvrir vos \u00ab&nbsp;cartes&nbsp;\u00bb, celles de vos proches. <\/p>\n\n\n\n<p>Je vous propose aussi de ressentir les Nombres, la G\u00e9om\u00e9trie, les Cycles les Vibrations \u00e0 travers la lumi\u00e8re et les sons, et l&rsquo;espace. Cela permet de changer de perspective de soi et des autres, ce qui cr\u00e9e un premier espace de \u00ab\u00a0gu\u00e9rison\u00a0\u00bb \u00e9nerg\u00e9tique. Ainsi chacun d&rsquo;entre vous aura acc\u00e8s \u00e0 son propre \u00ab\u00a0son\u00a0\u00bb et lumi\u00e8re avec des supports audio et vid\u00e9o. <\/p>\n\n\n\n<p>Lectures conseill\u00e9es: Olney Richmond, the Sacred Book, Le sens cach\u00e9 des 52 cartes de H. Crowhurst et G. Morera, The Mystic test Book d&rsquo;Olney Richmond, Symboles Sacr\u00e9s de H. Crowhurst.<\/p>\n\n\n\n<div class=\"wp-block-columns is-layout-flex wp-container-6 wp-block-columns-is-layout-flex\">\n<div class=\"wp-block-column is-layout-flow wp-block-column-is-layout-flow\" style=\"flex-basis:66.66%\">\n<div class=\"wp-block-columns is-layout-flex wp-container-2 wp-block-columns-is-layout-flex\">\n<div class=\"wp-block-column is-layout-flow wp-block-column-is-layout-flow\" style=\"flex-basis:33.33%\">\n<ul><li><strong>C\u2019est un sujet tr\u00e8s dense: Stages sur 3 jours conseill\u00e9s, sur 3 cycles. <\/strong><\/li><\/ul>\n<\/div>\n<\/div>\n\n\n\n<div class=\"wp-block-columns is-layout-flex wp-container-4 wp-block-columns-is-layout-flex\">\n<div class=\"wp-block-column is-layout-flow wp-block-column-is-layout-flow\"><\/div>\n<\/div>\n<\/div>\n<\/div>\n\n\n\n<hr class=\"wp-block-separator is-style-dots\"\/>\n\n\n\n<div class=\"wp-block-columns is-layout-flex wp-container-15 wp-block-columns-is-layout-flex\">\n<div class=\"wp-block-column is-layout-flow wp-block-column-is-layout-flow\">\n<h2 class=\"wp-block-heading\">Syst\u00e8mes de communication et divination : <\/h2>\n\n\n\n<h3 class=\"wp-block-heading\">1: Les  Runes, Les Oghams<\/h3>\n\n\n\n<p>Tr\u00e8s simples \u00e0 utiliser et \u00e0 comprendre, les Anciens Alphabets peuvent nous permettre de sceller une intention, ou bien conna\u00eetre les tenants et les aboutissants inconscients d\u2019une situation donn\u00e9e, mais aussi de cr\u00e9er des \u00ab\u00a0sas\u00a0\u00bb \u00e9nerg\u00e9tiques pour certains types de rituels. <\/p>\n\n\n\n<p>Nous allons apprendre \u00e0 les conna\u00eetre , les fabriquer et s\u2019en servir. <\/p>\n\n\n\n<p>Lectures conseill\u00e9es: Julie Conton, Les Runes, Les Oghams, Nigel Pennick: Signes et Symboles secrets, Runes et chamanisme de Jean Vertemonbt et JG. Foucaud .<\/p>\n\n\n\n<div class=\"wp-block-columns is-layout-flex wp-container-8 wp-block-columns-is-layout-flex\">\n<div class=\"wp-block-column is-layout-flow wp-block-column-is-layout-flow\">\n<ul><li><strong>Stage de deux jours <\/strong><\/li><\/ul>\n<\/div>\n<\/div>\n\n\n\n<p><\/p>\n\n\n\n<p><\/p>\n\n\n\n<p><\/p>\n\n\n\n<p><\/p>\n\n\n\n<p><\/p>\n\n\n\n<p><\/p>\n\n\n\n<p><\/p>\n\n\n\n<p><\/p>\n\n\n\n<p>Lieu : Saint Grav\u00e9, 56220.<\/p>\n\n\n\n<figure class=\"wp-block-image\"><img decoding=\"async\" loading=\"lazy\" width=\"1024\" height=\"576\" src=\"http:\/\/murielleshreder.com\/wp-content\/uploads\/2019\/12\/andromeda-galaxy-755442_1280-1024x576.jpg\" alt=\"\" class=\"wp-image-303\" srcset=\"https:\/\/murielleschreder.com\/wp-content\/uploads\/2019\/12\/andromeda-galaxy-755442_1280-1024x576.jpg 1024w, https:\/\/murielleschreder.com\/wp-content\/uploads\/2019\/12\/andromeda-galaxy-755442_1280-300x169.jpg 300w, https:\/\/murielleschreder.com\/wp-content\/uploads\/2019\/12\/andromeda-galaxy-755442_1280-768x432.jpg 768w, https:\/\/murielleschreder.com\/wp-content\/uploads\/2019\/12\/andromeda-galaxy-755442_1280.jpg 1280w\" sizes=\"(max-width: 1024px) 100vw, 1024px\" \/><\/figure>\n<\/div>\n\n\n\n<div class=\"wp-block-column is-layout-flow wp-block-column-is-layout-flow\">\n\n<div class=\"wpcf7 no-js\" id=\"wpcf7-f411-o1\" lang=\"fr-FR\" dir=\"ltr\">\n<div class=\"screen-reader-response\"><p role=\"status\" aria-live=\"polite\" aria-atomic=\"true\"><\/p> <ul><\/ul><\/div>\n<form action=\"\/index.php\/wp-json\/wp\/v2\/pages\/379#wpcf7-f411-o1\" method=\"post\" class=\"wpcf7-form init\" aria-label=\"Formulaire de contact\" novalidate=\"novalidate\" data-status=\"init\">\n<div style=\"display: none;\">\n<input type=\"hidden\" name=\"_wpcf7\" value=\"411\" \/>\n<input type=\"hidden\" name=\"_wpcf7_version\" value=\"5.7.4\" \/>\n<input type=\"hidden\" name=\"_wpcf7_locale\" value=\"fr_FR\" \/>\n<input type=\"hidden\" name=\"_wpcf7_unit_tag\" value=\"wpcf7-f411-o1\" \/>\n<input type=\"hidden\" name=\"_wpcf7_container_post\" value=\"0\" \/>\n<input type=\"hidden\" name=\"_wpcf7_posted_data_hash\" value=\"\" \/>\n<input type=\"hidden\" name=\"_cf7a__language\" value=\"Jl65khpvZYeYUpXkk4Qxmw==\" \/>\n<input type=\"hidden\" name=\"_cf7a__timestamp\" value=\"b7GmR4JU7efYvgro2I0+jA==\" \/>\n<input type=\"hidden\" name=\"_cf7a_version\" value=\"1.0\" \/>\n<input type=\"hidden\" name=\"_cf7a_address\" value=\"hzl4musWYSNbvqAj7f3zeQ==\" \/>\n<input type=\"hidden\" name=\"_cf7a_referer\" value=\"GanTSMYyzG6s+rFIHkvRmQ==\" \/>\n<input type=\"hidden\" name=\"_cf7a_protocol\" value=\"0Sidwqzfn89aIOcDOiIggA==\" \/>\n<input type=\"hidden\" name=\"_cf7a_bot_fingerprint\" value=\"b7GmR4JU7efYvgro2I0+jA==\" \/>\n<input type=\"hidden\" name=\"_cf7a_bot_fingerprint_extras\" value=\"\" \/>\n<input type=\"hidden\" name=\"_cf7a_append_on_submit\" value=\"\" \/>\n<\/div>\n<div style=\"margin: 0; padding: 20px; background-color: #cccccc47;\">\n\t<h3>S'inscrire aux prochains stages de cartomancie ancienne h3&gt;<br>\n\t\t<\/h3><p>Vous souhaitez effectuer cette formation ?\n\t\t<\/p>\n\t\t<p>Laissez-moi vos coordonn&eacute;es afin que je puisse vous recontacter rapidement.\n\t\t<\/p>\n\t\t<p> Les champs suivis d'une * sont obligatoires.\n\t\t<\/p><br>\n<label> Votre nom *<br>\n\t\t\t<p><span class=\"wpcf7-form-control-wrap\" data-name=\"your-name\"><input size=\"40\" class=\"wpcf7-form-control wpcf7-text wpcf7-validates-as-required\" aria-required=\"true\" aria-invalid=\"false\" value=\"\" type=\"text\" name=\"your-name\" tabindex=\"\"><input size=\"40\" class=\"wpcf7-form-control wpcf7-text wpcf7-validates-as-required fit-the-fullspace autocomplete input\" aria-required=\"true\" aria-invalid=\"false\" value=\"\" type=\"text\" name=\"name\" autocomplete=\"fill\" tabindex=\"-1\"><\/span>\n\t\t\t<\/p><\/label><br>\n<label> Votre adresse de messagerie *<br>\n\t\t\t<p><span class=\"wpcf7-form-control-wrap\" data-name=\"your-email\"><input size=\"40\" class=\"wpcf7-form-control wpcf7-text wpcf7-email wpcf7-validates-as-required wpcf7-validates-as-email\" aria-required=\"true\" aria-invalid=\"false\" value=\"\" type=\"email\" name=\"your-email\"><\/span>\n\t\t\t<\/p><\/label><br>\n<label> Votre num&eacute;ro de t&eacute;l&eacute;phone *<br>\n\t\t\t<p><span class=\"wpcf7-form-control-wrap\" data-name=\"tel-262\"><input size=\"40\" class=\"wpcf7-form-control wpcf7-text wpcf7-tel wpcf7-validates-as-required wpcf7-validates-as-tel\" aria-required=\"true\" aria-invalid=\"false\" value=\"\" type=\"tel\" name=\"tel-262\"><\/span>\n\t\t\t<\/p><\/label><br>\n<label> Cochez la case *<br>\n\t\t\t<p><span class=\"wpcf7-form-control-wrap\" data-name=\"checkbox-73\"><span class=\"wpcf7-form-control wpcf7-checkbox wpcf7-validates-as-required\"><span class=\"wpcf7-list-item first last\"><input type=\"checkbox\" name=\"checkbox-73[]\" value=\"Je souhaite participer aux prochains cours de cartomancie ancienne.\"><span class=\"wpcf7-list-item-label\">Je souhaite participer aux prochains cours de cartomancie ancienne.<\/span><\/span><\/span><\/span>\n\t\t\t<\/p><\/label><br>\n<label> Vous pouvez me laisser un message<br>\n\t\t\t<p><span class=\"wpcf7-form-control-wrap\" data-name=\"message\"><textarea cols=\"40\" rows=\"10\" class=\"wpcf7-form-control wpcf7-textarea\" aria-invalid=\"false\" name=\"message\"><\/textarea><\/span>\n\t\t\t<\/p><\/label><br>\n<input class=\"wpcf7-form-control has-spinner wpcf7-submit\" type=\"submit\" value=\"Envoyer\">\n\t\n<\/div>\n<div class=\"wpcf7-response-output\" aria-hidden=\"true\"><\/div>\n<\/form>\n<\/div>\n\n\n\n\n<h2 class=\"wp-block-heading\">2: Le Tarot<\/h2>\n\n\n\n<div class=\"wp-block-columns is-layout-flex wp-container-11 wp-block-columns-is-layout-flex\">\n<div class=\"wp-block-column is-layout-flow wp-block-column-is-layout-flow\" style=\"flex-basis:100%\">\n<p> Syst\u00e8me plus r\u00e9cent que les 52 cartes, sa logique permet de suivre un cycle d\u2019initiation int\u00e9rieure, et comme pour les Alphabets , de comprendre intuitivement une situation ou une direction donn\u00e9es.<\/p>\n<\/div>\n<\/div>\n\n\n\n<h2 class=\"wp-block-heading\">3: Les Animaux druidiques <\/h2>\n\n\n\n<p>Au nombre de 33, on les retrouve dans la mythologie celtique principalement. Divis\u00e9s en 3 cycles de 11, ils permettent de suivre une intention arch\u00e9typale, et de connecter des forces archa\u00efques. <\/p>\n\n\n\n<div class=\"wp-block-columns is-layout-flex wp-container-13 wp-block-columns-is-layout-flex\">\n<div class=\"wp-block-column is-layout-flow wp-block-column-is-layout-flow\">\n<ul><li><strong>Stage de 2 jours <\/strong><\/li><\/ul>\n<\/div>\n<\/div>\n\n\n\n<h2 class=\"wp-block-heading\">4: <em>Anatomie subtile<\/em><\/h2>\n\n\n\n<p>Les fascias sont des tissus connectant absolument tout dans le corps. Ils servent aussi d\u2019interface avec nos syst\u00e8mes subtils. <\/p>\n\n\n\n<ul><li><strong>Stages de 2 jours <\/strong>, <strong>cycle de 9 stages<\/strong><\/li><\/ul>\n\n\n\n<p><\/p>\n<\/div>\n<\/div>\n","protected":false},"excerpt":{"rendered":"<p>S\u00e9ances de 1h 30 les Jeudis et Vendredis avec initiation \u00e0 : Cartomancie Ancienne, Tarots, Alphabets des Runes et Oghams, Animaux druidiques, Anatomie subtile, Fascia-\u00e9nergie\u2026 Stages de 1,2 ou 3 jours sur ces th\u00e9matiques, voir dans PROGRAMME. Le Jeu des 52 Cartes Le Jeu des 52 cartes est arriv\u00e9 jusqu\u2019\u00e0 nous, et son c\u00f4t\u00e9 apparemment [&hellip;]<\/p>\n","protected":false},"author":1,"featured_media":0,"parent":0,"menu_order":0,"comment_status":"closed","ping_status":"closed","template":"","meta":{"footnotes":""},"_links":{"self":[{"href":"https:\/\/murielleschreder.com\/index.php\/wp-json\/wp\/v2\/pages\/379"}],"collection":[{"href":"https:\/\/murielleschreder.com\/index.php\/wp-json\/wp\/v2\/pages"}],"about":[{"href":"https:\/\/murielleschreder.com\/index.php\/wp-json\/wp\/v2\/types\/page"}],"author":[{"embeddable":true,"href":"https:\/\/murielleschreder.com\/index.php\/wp-json\/wp\/v2\/users\/1"}],"replies":[{"embeddable":true,"href":"https:\/\/murielleschreder.com\/index.php\/wp-json\/wp\/v2\/comments?post=379"}],"version-history":[{"count":11,"href":"https:\/\/murielleschreder.com\/index.php\/wp-json\/wp\/v2\/pages\/379\/revisions"}],"predecessor-version":[{"id":542,"href":"https:\/\/murielleschreder.com\/index.php\/wp-json\/wp\/v2\/pages\/379\/revisions\/542"}],"wp:attachment":[{"href":"https:\/\/murielleschreder.com\/index.php\/wp-json\/wp\/v2\/media?parent=379"}],"curies":[{"name":"wp","href":"https:\/\/api.w.org\/{rel}","templated":true}]}}