{"id":441,"date":"2020-03-21T17:06:52","date_gmt":"2020-03-21T16:06:52","guid":{"rendered":"https:\/\/murielleschreder.com\/?page_id=441"},"modified":"2020-03-21T17:40:26","modified_gmt":"2020-03-21T16:40:26","slug":"soin-a-distance","status":"publish","type":"page","link":"https:\/\/murielleschreder.com\/index.php\/soin-a-distance\/","title":{"rendered":"Soin \u00e0 Distance"},"content":{"rendered":"\n<div class=\"wp-block-image\"><figure class=\"alignright size-large is-resized\"><img decoding=\"async\" loading=\"lazy\" src=\"https:\/\/murielleschreder.com\/wp-content\/uploads\/2020\/03\/fractal-1068874_1920-929x1024.jpg\" alt=\"\" class=\"wp-image-442\" width=\"293\" height=\"323\" srcset=\"https:\/\/murielleschreder.com\/wp-content\/uploads\/2020\/03\/fractal-1068874_1920-929x1024.jpg 929w, https:\/\/murielleschreder.com\/wp-content\/uploads\/2020\/03\/fractal-1068874_1920-272x300.jpg 272w, https:\/\/murielleschreder.com\/wp-content\/uploads\/2020\/03\/fractal-1068874_1920-768x846.jpg 768w, https:\/\/murielleschreder.com\/wp-content\/uploads\/2020\/03\/fractal-1068874_1920-1394x1536.jpg 1394w, https:\/\/murielleschreder.com\/wp-content\/uploads\/2020\/03\/fractal-1068874_1920.jpg 1742w\" sizes=\"(max-width: 293px) 100vw, 293px\" \/><\/figure><\/div>\n\n\n\n<p>Le soin \u00e0 distance est une pratique qui existe depuis tr\u00e8s longtemps. On la retrouve dans dans   diff\u00e9rentes traditions de gu\u00e9rison \u00e0 travers le monde.  <\/p>\n\n\n\n<h2 class=\"wp-block-heading\">Comment \u00e7a marche?<\/h2>\n\n\n\n<p>Le praticien se relie \u00e0 la Trame universelle, appel\u00e9e WuJi, Ether, Grand Tout, Esprit de l&rsquo;Univers, selon les traditions. Il se dissout lui-m\u00eame c&rsquo;est \u00e0 dire  se consid\u00e8re lui m\u00eame comme un Syst\u00e8me \u00e9nerg\u00e9tique r\u00e9git par des lois pr\u00e9cises, qui sont les formes que prend l&rsquo;\u00e9nergie pour manifester la Mati\u00e8re\u00a0: Corps \u00e9nerg\u00e9tiques, \u00e9motionnels, spirituels, m\u00e9ridiens, centres \u00e9nerg\u00e9tiques, structures g\u00e9om\u00e9triques li\u00e9es \u00e0 l&rsquo;\u00e9nergie quantique et cosmique.  Pour cela il utilise la m\u00e9ditation, ou visualisation intense.<\/p>\n\n\n\n<p>\u00c0 partir de cet endroit, les barri\u00e8res telles que nous les connaissons(mati\u00e8re, distance) n&rsquo;existent plus. L&rsquo;\u00c9nergie qui fait se tenir les choses ensemble (le Chi, le Prana) peut se modifier gr\u00e2ce \u00e0 une autre \u00e9nergie\u00a0: celle de l&rsquo;intention focalis\u00e9e, de la conscience, et de la coh\u00e9rence. La Visualisation  guide l&rsquo;Intention qui guide l&rsquo;\u00c9nergie.  <\/p>\n\n\n\n<p>L&rsquo;Univers s&rsquo;organise naturellement vers\nla Coh\u00e9rence, il cherche l&rsquo;\u00c9quilibre, l&rsquo;Harmonie. Le praticien peut\ndonc \u00ab&nbsp;saisir&nbsp;\u00bb un dysfonctionnement du syst\u00e8me de\nl&rsquo;individu \u00e0 soigner et utiliser son intention focalis\u00e9e. \n<\/p>\n\n\n\n<p>Le syst\u00e8me \u00e9nerg\u00e9tique de l&rsquo;individu soign\u00e9 va \u00ab\u00a0reconna\u00eetre\u00a0\u00bb une proposition de structure  plus coh\u00e9rente. Il va accepter l&rsquo;\u00e9nergie propos\u00e9e car  la recognition(le fait de reconna\u00eetre) g\u00e9n\u00e8re automatiquement une autre \u00e9nergie\u00a0: la Joie. Celle -ci est le carburant essentiel aux mutations \u00e9nerg\u00e9tiques  vers l&rsquo;harmonie.<\/p>\n\n\n\n<p><strong>Il existe plusieurs types de soin \u00e0 distance\u00a0:  <\/strong><\/p>\n\n\n\n<ul><li>D&rsquo;apr\u00e8s photo\n\t<\/li><li>Apr\u00e8s un entretien et travail\n\t\u00e9nerg\u00e9tique de visu\n\t<\/li><li>Apr\u00e8s entretien t\u00e9l\u00e9phonique ou\n\tvid\u00e9o. \n\t\n<\/li><\/ul>\n\n\n\n<pre class=\"wp-block-preformatted\">1<em>-D'apr\u00e8s photo<\/em>\u00a0 <\/pre>\n\n\n\n<p>l&rsquo;individu n&rsquo;a jamais rencontr\u00e9 le th\u00e9rapeute.  <\/p>\n\n\n\n<p>La date de naissance donne\ndes indications, elle est importante. \n<\/p>\n\n\n\n<p>Il est important aussi\nd&rsquo;avoir les sympt\u00f4mes et probl\u00e9matiques expos\u00e9es. \n<\/p>\n\n\n\n<p>Il est important que la\npersonne soit d&rsquo;accord. \n<\/p>\n\n\n\n<p>Le praticien  envoie un\nmessage pour pr\u00e9venir qu&rsquo;il commence \u00e0 travailler. Il n&rsquo;est pas\nobligatoire d&rsquo;avoir de contact t\u00e9l\u00e9phonique ensuite, sauf si la\npersonne concern\u00e9e le d\u00e9sire. \n<\/p>\n\n\n\n<pre class=\"wp-block-preformatted\"><em>2-Apr\u00e8s entretien et travail \u00e9nerg\u00e9tique en cabinet<\/em>\u00a0<\/pre>\n\n\n\n<p> Il arrive que parfois le travail en cabinet g\u00e9n\u00e8re un inconfort. Il arrive aussi que la personne traverse une phase difficile bien apr\u00e8s.  <\/p>\n\n\n\n<p>Le travail \u00e0 distance est\nutile pour accompagner ces moments. Il s&rsquo;agit plus d&rsquo;une continuit\u00e9\ndu travail effectu\u00e9 en cabinet. \n<\/p>\n\n\n\n<pre class=\"wp-block-preformatted\"><em>3-Apr\u00e8s entretien t\u00e9l\u00e9phonique ou vid\u00e9o\u00a0<\/em> <\/pre>\n\n\n\n<p>Si la personne ne peut pas se d\u00e9placer, l&rsquo;entretien se passe par vid\u00e9o ou t\u00e9l\u00e9phone. Puis pendant le soin  \u00e0 distance, la personne s&rsquo;allonge ou s&rsquo;assoit mais garde le contact avec le praticien, pour des questions \u00e9ventuelles en cours de traitement. Puis le praticien fait le point avec elle pour terminer la s\u00e9ance et orienter la suite du traitement.  <\/p>\n\n\n\n<h2 class=\"has-text-align-center wp-block-heading\"><strong>Tarifs\u00a0<\/strong> <\/h2>\n\n\n\n<ul><li>1\u00a0: 45\u20ac<\/li><\/ul>\n\n\n\n<ul><li>2: Gratuit<\/li><\/ul>\n\n\n\n<ul><li>3: 55\u20ac.<\/li><\/ul>\n\n\n\n<p>Le r\u00e8glement s&rsquo;effectue soit par ch\u00e8que \u00e0 mon adresse postale, soit par virement bancaire auquel cas je vous communique mon rib par mail ou message.  <\/p>\n","protected":false},"excerpt":{"rendered":"<p>Le soin \u00e0 distance est une pratique qui existe depuis tr\u00e8s longtemps. On la retrouve dans dans diff\u00e9rentes traditions de gu\u00e9rison \u00e0 travers le monde. Comment \u00e7a marche? Le praticien se relie \u00e0 la Trame universelle, appel\u00e9e WuJi, Ether, Grand Tout, Esprit de l&rsquo;Univers, selon les traditions. Il se dissout lui-m\u00eame c&rsquo;est \u00e0 dire se [&hellip;]<\/p>\n","protected":false},"author":1,"featured_media":0,"parent":0,"menu_order":0,"comment_status":"closed","ping_status":"closed","template":"","meta":{"footnotes":""},"_links":{"self":[{"href":"https:\/\/murielleschreder.com\/index.php\/wp-json\/wp\/v2\/pages\/441"}],"collection":[{"href":"https:\/\/murielleschreder.com\/index.php\/wp-json\/wp\/v2\/pages"}],"about":[{"href":"https:\/\/murielleschreder.com\/index.php\/wp-json\/wp\/v2\/types\/page"}],"author":[{"embeddable":true,"href":"https:\/\/murielleschreder.com\/index.php\/wp-json\/wp\/v2\/users\/1"}],"replies":[{"embeddable":true,"href":"https:\/\/murielleschreder.com\/index.php\/wp-json\/wp\/v2\/comments?post=441"}],"version-history":[{"count":4,"href":"https:\/\/murielleschreder.com\/index.php\/wp-json\/wp\/v2\/pages\/441\/revisions"}],"predecessor-version":[{"id":446,"href":"https:\/\/murielleschreder.com\/index.php\/wp-json\/wp\/v2\/pages\/441\/revisions\/446"}],"wp:attachment":[{"href":"https:\/\/murielleschreder.com\/index.php\/wp-json\/wp\/v2\/media?parent=441"}],"curies":[{"name":"wp","href":"https:\/\/api.w.org\/{rel}","templated":true}]}}