{"id":543,"date":"2023-09-15T11:58:10","date_gmt":"2023-09-15T09:58:10","guid":{"rendered":"https:\/\/murielleschreder.com\/?page_id=543"},"modified":"2023-09-18T16:09:09","modified_gmt":"2023-09-18T14:09:09","slug":"programme-et-tarifs","status":"publish","type":"page","link":"https:\/\/murielleschreder.com\/index.php\/programme-et-tarifs\/","title":{"rendered":"Programme et Tarifs"},"content":{"rendered":"\n<p>Chaque derni\u00e8re semaine du mois: Semaine \u00c9cole Bleue.<\/p>\n\n\n\n<p> 3 soir\u00e9es de 20h \u00e0 21h 15. Lieu: 15 route de Rochefort-en Terre, Saint Grav\u00e9(56220). <\/p>\n\n\n\n<p><em><strong>Stage le week-end sur une journ\u00e9e ou deux jours.<\/strong><\/em><\/p>\n\n\n\n<p>3 ateliers Conscience, R\u00e9sonance, Coh\u00e9rence, ATELIERS PERMANENTS. Tarif : 16 \u20ac la soir\u00e9e <\/p>\n\n\n\n<p><strong>Semaine Bleue d\u2019Octobre<\/strong> 23 : du 23 au 29, <strong>Rituel<\/strong> de la Sammuin ou Toussaint le samedi : <strong>pratique du ressenti<\/strong> en ext\u00e9rieur, m\u00e9ditations guid\u00e9es \u00e0 la harpe, site sacr\u00e9 et\/ou Chevaux,  feu. Tarif : 50\u20ac la journ\u00e9e, de 9h30 \u00e0 17h. <\/p>\n\n\n\n<p><strong>Semaine Bleue de Novembre<\/strong> : du 20 au 26, et week -end sur les <strong>Runes<\/strong> : apprendre \u00e0 les graver, les int\u00e9grer physiquement et \u00e9nerg\u00e9tiquement, s\u2019en servir au quotidien. 180\u20ac le week-end, possibilit\u00e9 de loger sur place et cuisiner. <\/p>\n\n\n\n<p><strong>Semaine Bleue de D\u00e9cembre<\/strong> : du 18 au 22, pas de week-end de stage sur cette semaine. <\/p>\n\n\n\n<p><strong>Semaine Bleue de Janvier 2024<\/strong> : Du 22 au 28, et week-end sur les <strong>Animaux de la tradition Druidique <\/strong>: apprendre leur signification, leurs usage, leur ordre. 180\u20ac.<\/p>\n\n\n\n<p><strong>F\u00e9vrier<\/strong> : Les 10 et 11 : week-end d\u00e9couverte de la Cartomancie ancienne, 180 \u20ac. <strong>Semaine Bleue<\/strong> du 19 au 25, et week-end sur <strong>Les Tarots, 180 \u20ac.<\/strong><\/p>\n\n\n\n<p><strong>Mars<\/strong>  : Week end approfondissement cartomancie : les 9 et 10 mars . <strong>Rituel d\u2019\u00e9quinoxe<\/strong> en pratique du ressenti le <strong>23<\/strong> mars. <strong>Semaine Bleue<\/strong> du 25 au 31. <\/p>\n\n\n\n<p><strong>Semaine Bleue  d\u2019Avril <\/strong>: du 22 au 27 . <strong>Tarots<\/strong> le week -end, d\u00e9couvertes ou approfondissement. <\/p>\n\n\n\n<p><strong>Semaine Bleue de Mai <\/strong>: du 20 au26. <strong>Visite de la Cath\u00e9drale de Chartres les 23 et 24 Mai. <\/strong><\/p>\n\n\n\n<p><strong>Semaine Bleue de Juin <\/strong>: du 24 au 30 . Rituel du solstice le 24 au soir .<\/p>\n\n\n\n<p class=\"has-text-align-center\"><strong style=\"font-size: 19px;\"><span style=\"font-size: 30px;\">Formation<\/span> <span style=\"font-size: 24px;\">Fascia-\u00c9nergie<\/span><\/strong><span style=\"font-size: 21px;\"> <\/span>: sur deux ans<\/p>\n\n\n\n<p><em style=\"font-size: 20px;\">Dates et sujets <\/em>: <strong>3 et 4 F\u00e9vrier 24<\/strong> : l\u2019Eau, le Rein, la Lign\u00e9e , les Anc\u00eatres, <strong>4 et 5 Mai :<\/strong> Le Bois, le Foie, la souplesse, le V\u00e9g\u00e9tal,<\/p>\n\n\n\n<p><strong>3 et 4 Ao\u00fbt<\/strong> : Le Coeur, le Feu, les syst\u00e8mes nerveux, les <strong>2 et 3 Novembre<\/strong> : les Poumons, les Entit\u00e9s corporelles, les blessures \u00e9motionnelles . <\/p>\n\n\n\n<p><em>Ann\u00e9e 2025 : <\/em>Week-ends de : fin janvier : le soin \u00e0 distance, 3e semaine de Mars: la V\u00e9sicule, les organes extraordinaires , 2e semaine de Juin, les Syst\u00e8mes autonomes , 3e semaine de Septembre : le Cerveau,  2e semaine de D\u00e9cembre : le Voyage Initiatique. <\/p>\n\n\n\n<p><\/p>\n","protected":false},"excerpt":{"rendered":"<p>Chaque derni\u00e8re semaine du mois: Semaine \u00c9cole Bleue. 3 soir\u00e9es de 20h \u00e0 21h 15. Lieu: 15 route de Rochefort-en Terre, Saint Grav\u00e9(56220). Stage le week-end sur une journ\u00e9e ou deux jours. 3 ateliers Conscience, R\u00e9sonance, Coh\u00e9rence, ATELIERS PERMANENTS. Tarif : 16 \u20ac la soir\u00e9e Semaine Bleue d\u2019Octobre 23 : du 23 au 29, Rituel [&hellip;]<\/p>\n","protected":false},"author":1,"featured_media":0,"parent":0,"menu_order":0,"comment_status":"closed","ping_status":"closed","template":"","meta":{"footnotes":""},"_links":{"self":[{"href":"https:\/\/murielleschreder.com\/index.php\/wp-json\/wp\/v2\/pages\/543"}],"collection":[{"href":"https:\/\/murielleschreder.com\/index.php\/wp-json\/wp\/v2\/pages"}],"about":[{"href":"https:\/\/murielleschreder.com\/index.php\/wp-json\/wp\/v2\/types\/page"}],"author":[{"embeddable":true,"href":"https:\/\/murielleschreder.com\/index.php\/wp-json\/wp\/v2\/users\/1"}],"replies":[{"embeddable":true,"href":"https:\/\/murielleschreder.com\/index.php\/wp-json\/wp\/v2\/comments?post=543"}],"version-history":[{"count":9,"href":"https:\/\/murielleschreder.com\/index.php\/wp-json\/wp\/v2\/pages\/543\/revisions"}],"predecessor-version":[{"id":615,"href":"https:\/\/murielleschreder.com\/index.php\/wp-json\/wp\/v2\/pages\/543\/revisions\/615"}],"wp:attachment":[{"href":"https:\/\/murielleschreder.com\/index.php\/wp-json\/wp\/v2\/media?parent=543"}],"curies":[{"name":"wp","href":"https:\/\/api.w.org\/{rel}","templated":true}]}}