{"id":567,"date":"2023-03-07T15:02:29","date_gmt":"2023-03-07T14:02:29","guid":{"rendered":"https:\/\/murielleschreder.com\/?page_id=567"},"modified":"2023-04-08T13:44:53","modified_gmt":"2023-04-08T11:44:53","slug":"__trashed-4__trashed","status":"publish","type":"page","link":"https:\/\/murielleschreder.com\/index.php\/__trashed-4__trashed\/","title":{"rendered":"Cartomancie Ancienne"},"content":{"rendered":"\n<h2 class=\"wp-block-heading\">Jeu des 52 cartes<\/h2>\n\n\n\n<div class=\"wp-block-cover is-light\" style=\"min-height:459px\"><span aria-hidden=\"true\" class=\"wp-block-cover__background has-background-dim\"><\/span><img decoding=\"async\" loading=\"lazy\" width=\"435\" height=\"428\" class=\"wp-block-cover__image-background wp-image-302\" alt=\"\" src=\"https:\/\/murielleschreder.com\/wp-content\/uploads\/2019\/12\/illustration-jeu-3.png\" data-object-fit=\"cover\" srcset=\"https:\/\/murielleschreder.com\/wp-content\/uploads\/2019\/12\/illustration-jeu-3.png 435w, https:\/\/murielleschreder.com\/wp-content\/uploads\/2019\/12\/illustration-jeu-3-300x295.png 300w\" sizes=\"(max-width: 435px) 100vw, 435px\" \/><div class=\"wp-block-cover__inner-container is-layout-flow wp-block-cover-is-layout-flow\">\n<p class=\"has-text-align-center has-large-font-size\"><\/p>\n<\/div><\/div>\n\n\n\n<p class=\"has-text-align-center\">Ce Jeu nous est parvenu depuis le fond des \u00e2ges. Sa sagesse reli\u00e9e aux Nombres, G\u00e9om\u00e9trie, Astronomie et Vibration nous invite \u00e0 observer les cycles sur lesquels nos m\u00e9canismes identitaires se sont construits, ainsi que nos relations, nos familles\u2026 C\u2019est un outil de Connaissance de soi et du monde absolument fabuleux. Il est tr\u00e8s \u00e9mouvant de se rendre compte que des gens ont cr\u00e9e ce syst\u00e8me qui est demeur\u00e9 inconnu pendant tr\u00e8s longtemps, cach\u00e9 dans l\u2019 innocence  m\u00eame de simple jeu de cartes, et qu\u2019\u00e0 pr\u00e9sent ces connaissances remontent pour nous parler, nous enseigner quelque chose de tr\u00e8s important.<\/p>\n\n\n\n<p><em>Nous allons apprendre \u00e0 apprivoiser ce Livre, gr\u00e2ce \u00e0 des symboles et des calculs tr\u00e8s simples. Cette connaissance est immense et infinie. <\/em><\/p>\n\n\n\n<p>Chaque date de naissance nous affilie \u00e0 des Familles \u00e9nerg\u00e9tiques de Nombre, de Symboles,  de Rapports. <\/p>\n\n\n\n<p>Je vous propose  de ressentir les Nombres, la G\u00e9om\u00e9trie, les Cycles les Vibrations \u00e0 travers la lumi\u00e8re et les sons, et l&rsquo;espace. Cela permet de changer de perspective de soi et des autres, ce qui cr\u00e9e un premier espace de \u00ab\u00a0gu\u00e9rison\u00a0\u00bb \u00e9nerg\u00e9tique. Ainsi chacun d&rsquo;entre vous aura acc\u00e8s \u00e0 son propre \u00ab\u00a0son\u00a0\u00bb et lumi\u00e8re avec des supports audio et vid\u00e9o. <\/p>\n\n\n\n<p><\/p>\n\n\n\n<p><strong>Livres \u00e0 consulter<\/strong>: O. Richmond, The Mystic Test Book, Howard Crowhurst et G. Morera : Le secret cach\u00e9 d\u2019un jeu des 52 cartes, et site \u00e0 visiter : www. epistemea.com<\/p>\n\n\n\n<p><strong>Tarif<\/strong>: 180 \u20ac les deux jours, h\u00e9bergement et cuisine sur place possibles, compter 15\u20ac par nuit.<\/p>\n\n\n\n<p><strong>Dates<\/strong>: premier module 29, 30, avril. <\/p>\n","protected":false},"excerpt":{"rendered":"<p>Jeu des 52 cartes Ce Jeu nous est parvenu depuis le fond des \u00e2ges. Sa sagesse reli\u00e9e aux Nombres, G\u00e9om\u00e9trie, Astronomie et Vibration nous invite \u00e0 observer les cycles sur lesquels nos m\u00e9canismes identitaires se sont construits, ainsi que nos relations, nos familles\u2026 C\u2019est un outil de Connaissance de soi et du monde absolument fabuleux. [&hellip;]<\/p>\n","protected":false},"author":1,"featured_media":0,"parent":0,"menu_order":0,"comment_status":"closed","ping_status":"closed","template":"","meta":{"footnotes":""},"_links":{"self":[{"href":"https:\/\/murielleschreder.com\/index.php\/wp-json\/wp\/v2\/pages\/567"}],"collection":[{"href":"https:\/\/murielleschreder.com\/index.php\/wp-json\/wp\/v2\/pages"}],"about":[{"href":"https:\/\/murielleschreder.com\/index.php\/wp-json\/wp\/v2\/types\/page"}],"author":[{"embeddable":true,"href":"https:\/\/murielleschreder.com\/index.php\/wp-json\/wp\/v2\/users\/1"}],"replies":[{"embeddable":true,"href":"https:\/\/murielleschreder.com\/index.php\/wp-json\/wp\/v2\/comments?post=567"}],"version-history":[{"count":9,"href":"https:\/\/murielleschreder.com\/index.php\/wp-json\/wp\/v2\/pages\/567\/revisions"}],"predecessor-version":[{"id":605,"href":"https:\/\/murielleschreder.com\/index.php\/wp-json\/wp\/v2\/pages\/567\/revisions\/605"}],"wp:attachment":[{"href":"https:\/\/murielleschreder.com\/index.php\/wp-json\/wp\/v2\/media?parent=567"}],"curies":[{"name":"wp","href":"https:\/\/api.w.org\/{rel}","templated":true}]}}